{"id":4038903,"date":"2021-01-04T09:54:31","date_gmt":"2021-01-04T08:54:31","guid":{"rendered":"https:\/\/sunsethome.es\/politica-de-privacidad\/"},"modified":"2022-01-05T15:42:15","modified_gmt":"2022-01-05T14:42:15","slug":"politica-de-privacidad","status":"publish","type":"page","link":"https:\/\/sunsethome.es\/en\/privacy-policy","title":{"rendered":"Privacy Policy"},"content":{"rendered":"\t\t<div data-elementor-type=\"wp-page\" data-elementor-id=\"4038903\" class=\"elementor elementor-4038903 elementor-7301\" data-elementor-settings=\"[]\">\n\t\t\t\t\t\t<div class=\"elementor-inner\">\n\t\t\t\t\t\t\t<div class=\"elementor-section-wrap\">\n\t\t\t\t\t\t\t<section class=\"elementor-section elementor-top-section elementor-element elementor-element-59d80c71 elementor-section-stretched elementor-section-boxed elementor-section-height-default elementor-section-height-default\" data-id=\"59d80c71\" data-element_type=\"section\" data-settings=\"{&quot;stretch_section&quot;:&quot;section-stretched&quot;}\">\n\t\t\t\t\t\t<div class=\"elementor-container elementor-column-gap-default\">\n\t\t\t\t\t\t\t<div class=\"elementor-row\">\n\t\t\t\t\t<div class=\"elementor-column elementor-col-100 elementor-top-column elementor-element elementor-element-6f260171\" data-id=\"6f260171\" data-element_type=\"column\">\n\t\t\t<div class=\"elementor-column-wrap elementor-element-populated\">\n\t\t\t\t\t\t\t<div class=\"elementor-widget-wrap\">\n\t\t\t\t\t\t<div class=\"elementor-element elementor-element-78b8c5f elementor-widget elementor-widget-text-editor\" data-id=\"78b8c5f\" data-element_type=\"widget\" data-widget_type=\"text-editor.default\">\n\t\t\t\t<div class=\"elementor-widget-container\">\n\t\t\t\t\t\t\t\t<div class=\"elementor-text-editor elementor-clearfix\">\n\t\t\t\t<p>En\u00a0<strong>SUNSET IN SOUTH TENERIFE PROPERTIE S.L\u00a0<\/strong>le damos gran importancia a su privacidad y los datos personales que nos aporta, cumpliendo con todas las previsiones establecidas en el Reglamento (UE) 2016\/679 del Parlamento Europeo y del Consejo.<\/p>\t\t\t\t\t<\/div>\n\t\t\t\t\t\t<\/div>\n\t\t\t\t<\/div>\n\t\t\t\t<div class=\"elementor-element elementor-element-18212ee elementor-widget elementor-widget-heading\" data-id=\"18212ee\" data-element_type=\"widget\" data-widget_type=\"heading.default\">\n\t\t\t\t<div class=\"elementor-widget-container\">\n\t\t\t<h2 class=\"elementor-heading-title elementor-size-default\">Responsable de los datos\n\n<\/h2>\t\t<\/div>\n\t\t\t\t<\/div>\n\t\t\t\t<div class=\"elementor-element elementor-element-5437e77 elementor-widget elementor-widget-text-editor\" data-id=\"5437e77\" data-element_type=\"widget\" data-widget_type=\"text-editor.default\">\n\t\t\t\t<div class=\"elementor-widget-container\">\n\t\t\t\t\t\t\t\t<div class=\"elementor-text-editor elementor-clearfix\">\n\t\t\t\t<p>Le informamos que los datos personales aportados ser\u00e1n tratados por SUNSET IN SOUTH TENERIFE PROPERTIES, S.L., como responsable.<\/p>\n<ul>\n<li>CIF: B76622182<\/li>\n<li>Domicilio en C\/ ESPIG\u00d3N DEL BENCHIJIGUA, N\u00ba2, 38650, LOS CRISTIANOS, SANTA CRUZ DE TENERIFE.<\/li>\n<\/ul>\t\t\t\t\t<\/div>\n\t\t\t\t\t\t<\/div>\n\t\t\t\t<\/div>\n\t\t\t\t<div class=\"elementor-element elementor-element-5c04ce7 elementor-widget elementor-widget-heading\" data-id=\"5c04ce7\" data-element_type=\"widget\" data-widget_type=\"heading.default\">\n\t\t\t\t<div class=\"elementor-widget-container\">\n\t\t\t<h2 class=\"elementor-heading-title elementor-size-default\">\u00bfCu\u00e1l es la base legal y con qu\u00e9 finalidad tratamos sus datos personales?\n\n<\/h2>\t\t<\/div>\n\t\t\t\t<\/div>\n\t\t\t\t<div class=\"elementor-element elementor-element-8fd9c70 elementor-widget elementor-widget-text-editor\" data-id=\"8fd9c70\" data-element_type=\"widget\" data-widget_type=\"text-editor.default\">\n\t\t\t\t<div class=\"elementor-widget-container\">\n\t\t\t\t\t\t\t\t<div class=\"elementor-text-editor elementor-clearfix\">\n\t\t\t\t<p>Dependiendo de su relaci\u00f3n como interesado con SUNSET IN SOUTH TENERIFE PROPERTIES, S.L., el tratamiento de sus datos se desarrolla al amparo de una diferente base legal y la finalidad de su tratamiento difiere.<\/p>\n<p>El presente documento se aplica a estas categor\u00edas de interesados:<\/p>\n<p><strong>Compradores y arrendatarios:<\/strong> Los datos tratados son aquellos necesarios para la firma y ejecuci\u00f3n del contrato de prestaci\u00f3n de servicios que nos solicita.\u00a0<\/p>\n<p>Trataremos sus datos con la finalidad de prestarle con todas las garant\u00edas el servicio solicitado, utiliz\u00e1ndolos para la gesti\u00f3n de los clientes que buscan comprar alg\u00fan inmueble para la presentaci\u00f3n de ofertas adaptadas a sus necesidades, la tramitaci\u00f3n necesaria para la adquisici\u00f3n de estas, as\u00ed como para la realizaci\u00f3n de la gesti\u00f3n contable, fiscal y administrativa.<\/p>\n<hr \/>\n<p><strong>Propietarios y arrendadores:<\/strong>\u00a0Los datos tratados son aquellos necesarios para la firma y ejecuci\u00f3n del contrato de prestaci\u00f3n de servicios que nos solicita.\u00a0<\/p>\n<p>Trataremos sus datos con la finalidad de prestarle con todas las garant\u00edas el servicio solicitado, utiliz\u00e1ndolos para la gesti\u00f3n de encargos de venta o alquiler de los inmuebles, la tramitaci\u00f3n de la documentaci\u00f3n necesaria para estos fines, para la gesti\u00f3n de las relaciones comerciales, realizaci\u00f3n de transacciones econ\u00f3micas, env\u00edo de ofertas y promociones relacionadas con nuestra actividad, gesti\u00f3n de los datos de contacto de los propietarios y arrendadores para incluirlos en aplicaciones o p\u00e1ginas web de empresas externas dedicadas a impulsar la venta o alquiler de los inmuebles, as\u00ed como para la realizaci\u00f3n de la gesti\u00f3n contable, fiscal y administrativa.<\/p>\n<hr \/>\n<p><strong>Contactos y usuarios de nuestros servicios web:<\/strong> Los datos tratados son aquellos proporcionados con su consentimiento a trav\u00e9s de la casilla habilitada al efecto en el formulario que pondr\u00edamos a su disposici\u00f3n.<\/p>\n<p>Trataremos sus datos con la finalidad prestarle con todas las garant\u00edas el servicio solicitado, utiliz\u00e1ndolos para contactar con el solicitante y atender a sus consultas y peticiones y para el env\u00edo de informaci\u00f3n, ofertas y promociones relacionadas siempre con nuestra actividad.<\/p>\t\t\t\t\t<\/div>\n\t\t\t\t\t\t<\/div>\n\t\t\t\t<\/div>\n\t\t\t\t<div class=\"elementor-element elementor-element-98ccbe2 elementor-widget elementor-widget-heading\" data-id=\"98ccbe2\" data-element_type=\"widget\" data-widget_type=\"heading.default\">\n\t\t\t\t<div class=\"elementor-widget-container\">\n\t\t\t<h2 class=\"elementor-heading-title elementor-size-default\">\u00bfC\u00f3mo obtenemos sus datos?<\/h2>\t\t<\/div>\n\t\t\t\t<\/div>\n\t\t\t\t<div class=\"elementor-element elementor-element-8390a36 elementor-widget elementor-widget-text-editor\" data-id=\"8390a36\" data-element_type=\"widget\" data-widget_type=\"text-editor.default\">\n\t\t\t\t<div class=\"elementor-widget-container\">\n\t\t\t\t\t\t\t\t<div class=\"elementor-text-editor elementor-clearfix\">\n\t\t\t\t<p>SUNSET IN SOUTH TENERIFE PROPERTIE S.L\u00a0obtiene sus datos personales de las siguientes fuentes:<\/p>\n<ul>\n<li>La informaci\u00f3n que Usted nos facilita cuando contrata y mantiene productos y\/o servicios con nosotros, tanto de forma directa como indirecta, por ejemplo a trav\u00e9s de consultas o solicitudes de contratos.<\/li>\n<li>Fuentes de informaci\u00f3n externas, como registros p\u00fablicos o terceras empresas a las que Usted haya prestado su consentimiento para la cesi\u00f3n de sus datos.<\/li>\n<\/ul>\t\t\t\t\t<\/div>\n\t\t\t\t\t\t<\/div>\n\t\t\t\t<\/div>\n\t\t\t\t<div class=\"elementor-element elementor-element-246df8c elementor-widget elementor-widget-heading\" data-id=\"246df8c\" data-element_type=\"widget\" data-widget_type=\"heading.default\">\n\t\t\t\t<div class=\"elementor-widget-container\">\n\t\t\t<h2 class=\"elementor-heading-title elementor-size-default\">\u00bfDurante cu\u00e1nto tiempo conservaremos sus datos?<\/h2>\t\t<\/div>\n\t\t\t\t<\/div>\n\t\t\t\t<div class=\"elementor-element elementor-element-2d190d2 elementor-widget elementor-widget-text-editor\" data-id=\"2d190d2\" data-element_type=\"widget\" data-widget_type=\"text-editor.default\">\n\t\t\t\t<div class=\"elementor-widget-container\">\n\t\t\t\t\t\t\t\t<div class=\"elementor-text-editor elementor-clearfix\">\n\t\t\t\t<p>Trataremos sus datos personales mientras sean necesarios para la finalidad para la cual fueron recabados, y, posteriormente, durante los plazos legalmente exigidos.<\/p>\t\t\t\t\t<\/div>\n\t\t\t\t\t\t<\/div>\n\t\t\t\t<\/div>\n\t\t\t\t<div class=\"elementor-element elementor-element-5a871ee elementor-widget elementor-widget-heading\" data-id=\"5a871ee\" data-element_type=\"widget\" data-widget_type=\"heading.default\">\n\t\t\t\t<div class=\"elementor-widget-container\">\n\t\t\t<h2 class=\"elementor-heading-title elementor-size-default\">\u00bfA qu\u00e9 destinatarios se comunicar\u00e1n sus datos?<\/h2>\t\t<\/div>\n\t\t\t\t<\/div>\n\t\t\t\t<div class=\"elementor-element elementor-element-6ba8e60 elementor-widget elementor-widget-text-editor\" data-id=\"6ba8e60\" data-element_type=\"widget\" data-widget_type=\"text-editor.default\">\n\t\t\t\t<div class=\"elementor-widget-container\">\n\t\t\t\t\t\t\t\t<div class=\"elementor-text-editor elementor-clearfix\">\n\t\t\t\t<p>Sus datos podr\u00e1n ser comunicados, seg\u00fan la categor\u00eda de interesado de que se trate, a:<br \/><strong><u>Compradores y arrendatarios:<\/u><\/strong><\/p>\n<ul>\n<li>Vendedores o arrendadores.<\/li>\n<li>Organismos P\u00fablicos, Agencia Tributaria, Registros P\u00fablicos y otras Autoridades competentes cuando exista obligaci\u00f3n legal de facilitarlos.<\/li>\n<li>Notarios y procuradores.<\/li>\n<li>Entidades bancarias, cajas de ahorros y entidades aseguradoras.<\/li>\n<\/ul>\n<p><strong><u>Propietarios y arrendadores:<\/u><\/strong><\/p>\n<ul>\n<li>Personas o entidades interesadas en la compra o alquiler de inmuebles.<\/li>\n<li>Organismos P\u00fablicos, Agencia Tributaria, Registros P\u00fablicos y otras Autoridades competentes cuando exista obligaci\u00f3n legal de facilitarlos.<\/li>\n<li>Notarios y procuradores.<\/li>\n<li>Entidades bancarias, cajas de ahorros y entidades aseguradoras.<\/li>\n<\/ul>\n<p><strong><u>Contactos y usuarios de nuestros servicios web<\/u><\/strong><u>:<\/u><\/p>\n<ul>\n<li>Sus datos no se comunicar\u00e1n a terceros sin su consentimiento, salvo obligaci\u00f3n lega<\/li>\n<\/ul>\t\t\t\t\t<\/div>\n\t\t\t\t\t\t<\/div>\n\t\t\t\t<\/div>\n\t\t\t\t<div class=\"elementor-element elementor-element-0286607 elementor-widget elementor-widget-heading\" data-id=\"0286607\" data-element_type=\"widget\" data-widget_type=\"heading.default\">\n\t\t\t\t<div class=\"elementor-widget-container\">\n\t\t\t<h2 class=\"elementor-heading-title elementor-size-default\">\u00bfCu\u00e1les son sus derechos cuando nos facilita sus datos?<\/h2>\t\t<\/div>\n\t\t\t\t<\/div>\n\t\t\t\t<div class=\"elementor-element elementor-element-86f88ce elementor-widget elementor-widget-text-editor\" data-id=\"86f88ce\" data-element_type=\"widget\" data-widget_type=\"text-editor.default\">\n\t\t\t\t<div class=\"elementor-widget-container\">\n\t\t\t\t\t\t\t\t<div class=\"elementor-text-editor elementor-clearfix\">\n\t\t\t\t<p>Cualquier persona tiene derecho a solicitar el acceso, rectificaci\u00f3n, supresi\u00f3n, limitaci\u00f3n del tratamiento, oposici\u00f3n y derecho a la portabilidad de sus datos personales. Igualmente tendr\u00e1 derecho a retirar el consentimiento prestado en cualquier momento, lo cual no afectar\u00e1 a la licitud del tratamiento efectuado antes de la retirada de dicho consentimiento.<\/p>\n<p>Para ejercer los referidos derechos, deber\u00e1 enviar un correo electr\u00f3nico a sunsetcoordinacion@gruposunset.es, o dirigirse por correo postal a C\/ ESPIG\u00d3N DEL BENCHIJIGUA, N\u00ba2, 38650, LOS CRISTIANOS, SANTA CRUZ DE TENERIFE, aportando en todo caso copia de su DNI o documento oficial que le identifique.<\/p>\t\t\t\t\t<\/div>\n\t\t\t\t\t\t<\/div>\n\t\t\t\t<\/div>\n\t\t\t\t<div class=\"elementor-element elementor-element-a5bd463 elementor-widget elementor-widget-heading\" data-id=\"a5bd463\" data-element_type=\"widget\" data-widget_type=\"heading.default\">\n\t\t\t\t<div class=\"elementor-widget-container\">\n\t\t\t<h2 class=\"elementor-heading-title elementor-size-default\">\u00bfAnte qui\u00e9n puede ejercitar sus reclamaciones relacionadas con la protecci\u00f3n de datos?<\/h2>\t\t<\/div>\n\t\t\t\t<\/div>\n\t\t\t\t<div class=\"elementor-element elementor-element-140687d elementor-widget elementor-widget-text-editor\" data-id=\"140687d\" data-element_type=\"widget\" data-widget_type=\"text-editor.default\">\n\t\t\t\t<div class=\"elementor-widget-container\">\n\t\t\t\t\t\t\t\t<div class=\"elementor-text-editor elementor-clearfix\">\n\t\t\t\t<p>Podr\u00e1 dirigirse siempre al responsable de sus datos, pudiendo tambi\u00e9n presentar una reclamaci\u00f3n ante la Agencia Espa\u00f1ola de Protecci\u00f3n de Datos, si considera que pueden haber sido vulnerados sus derechos en lo concerniente a la protecci\u00f3n de sus datos personales. Dispone de la informaci\u00f3n necesaria en su web www.agpd.es.<\/p>\t\t\t\t\t<\/div>\n\t\t\t\t\t\t<\/div>\n\t\t\t\t<\/div>\n\t\t\t\t\t\t<\/div>\n\t\t\t\t\t<\/div>\n\t\t<\/div>\n\t\t\t\t\t\t\t\t<\/div>\n\t\t\t\t\t<\/div>\n\t\t<\/section>\n\t\t\t\t\t\t<\/div>\n\t\t\t\t\t\t<\/div>\n\t\t\t\t\t<\/div>\n\t\t","protected":false},"excerpt":{"rendered":"<p>At SUNSET IN SOUTH TENERIFE PROPERTIE S.L we attach great importance to your privacy and the personal data you provide us, complying with all the provisions established in Regulation (EU) 2016\/679 of the European Parliament and of the Council. Responsible for the data &nbsp; We inform you that the personal data provided will be treated [&hellip;]<\/p>\n","protected":false},"author":1,"featured_media":0,"parent":0,"menu_order":0,"comment_status":"closed","ping_status":"closed","template":"template\/template-homepage.php","meta":[],"_links":{"self":[{"href":"https:\/\/sunsethome.es\/en\/wp-json\/wp\/v2\/pages\/4038903"}],"collection":[{"href":"https:\/\/sunsethome.es\/en\/wp-json\/wp\/v2\/pages"}],"about":[{"href":"https:\/\/sunsethome.es\/en\/wp-json\/wp\/v2\/types\/page"}],"author":[{"embeddable":true,"href":"https:\/\/sunsethome.es\/en\/wp-json\/wp\/v2\/users\/1"}],"replies":[{"embeddable":true,"href":"https:\/\/sunsethome.es\/en\/wp-json\/wp\/v2\/comments?post=4038903"}],"version-history":[{"count":5,"href":"https:\/\/sunsethome.es\/en\/wp-json\/wp\/v2\/pages\/4038903\/revisions"}],"predecessor-version":[{"id":4038908,"href":"https:\/\/sunsethome.es\/en\/wp-json\/wp\/v2\/pages\/4038903\/revisions\/4038908"}],"wp:attachment":[{"href":"https:\/\/sunsethome.es\/en\/wp-json\/wp\/v2\/media?parent=4038903"}],"curies":[{"name":"wp","href":"https:\/\/api.w.org\/{rel}","templated":true}]}}